{"id":1066,"date":"2023-08-24T15:34:09","date_gmt":"2023-08-24T13:34:09","guid":{"rendered":"https:\/\/www.worldcup-dobbiaco.it\/impressum\/"},"modified":"2025-04-10T16:05:53","modified_gmt":"2025-04-10T14:05:53","slug":"impressum","status":"publish","type":"page","link":"https:\/\/www.worldcup-dobbiaco.it\/it\/impressum\/","title":{"rendered":"Impressum"},"content":{"rendered":"\t\t<div data-elementor-type=\"wp-page\" data-elementor-id=\"1066\" class=\"elementor elementor-1066\">\n\t\t\t\t<div class=\"elementor-element elementor-element-617b89f2 e-flex e-con-boxed e-con e-parent\" data-id=\"617b89f2\" data-element_type=\"container\" data-settings=\"{&quot;jet_parallax_layout_list&quot;:[]}\">\n\t\t\t\t\t<div class=\"e-con-inner\">\n\t\t<div class=\"elementor-element elementor-element-5a4737f e-con-full e-flex e-con e-child\" data-id=\"5a4737f\" data-element_type=\"container\" data-settings=\"{&quot;jet_parallax_layout_list&quot;:[]}\">\n\t\t\t\t<div class=\"elementor-element elementor-element-23f10929 elementor-widget elementor-widget-heading\" data-id=\"23f10929\" data-element_type=\"widget\" data-widget_type=\"heading.default\">\n\t\t\t\t<div class=\"elementor-widget-container\">\n\t\t\t\t\t<h2 class=\"elementor-heading-title elementor-size-default\">Impressum<\/h2>\t\t\t\t<\/div>\n\t\t\t\t<\/div>\n\t\t\t\t<\/div>\n\t\t\t\t\t<\/div>\n\t\t\t\t<\/div>\n\t\t<div class=\"elementor-element elementor-element-8196308 e-flex e-con-boxed e-con e-parent\" data-id=\"8196308\" data-element_type=\"container\" data-settings=\"{&quot;jet_parallax_layout_list&quot;:[]}\">\n\t\t\t\t\t<div class=\"e-con-inner\">\n\t\t<div class=\"elementor-element elementor-element-54b2347 e-con-full e-flex e-con e-child\" data-id=\"54b2347\" data-element_type=\"container\" data-settings=\"{&quot;jet_parallax_layout_list&quot;:[]}\">\n\t\t\t\t<div class=\"elementor-element elementor-element-14c7468 elementor-widget elementor-widget-text-editor\" data-id=\"14c7468\" data-element_type=\"widget\" data-widget_type=\"text-editor.default\">\n\t\t\t\t<div class=\"elementor-widget-container\">\n\t\t\t\t\t\t\t\t\t<p><strong>Proprietario e responsabile per il contenuto:<br \/><\/strong>ASV Sport OK Dobbiaco<br \/>Nordic Arena &#8211; Via Lago 16, 39034 Dobbiaco<br \/>Tel. +39 0474 976 000<br \/>E-Mail:\u00a0<a title=\"Opens internal link in current window\" href=\"&#x6d;&#97;&#x69;&#x6c;t&#x6f;&#58;i&#x6e;&#102;o&#x40;&#119;&#x6f;&#x72;l&#x64;&#99;u&#x70;&#45;d&#x6f;&#98;&#x62;&#x69;&#97;&#x63;&#x6f;&#46;&#x69;&#116;\">&#105;&#x6e;&#102;&#x6f;&#64;&#x77;o&#x72;l&#100;&#x63;&#117;&#x70;&#45;&#x64;o&#x62;b&#105;&#x61;&#99;&#x6f;&#46;&#x69;&#116;<\/a><br \/>Web:\u00a0<a title=\"Opens internal link in current window\" href=\"http:\/\/www.worldcup-dobbiaco.it\/\">www.worldcup-dobbiaco.it<\/a>\u00a0<\/p><p>P.IVA 01483970214<br \/>Pec:\u00a0<a href=\"&#x6d;&#x61;&#105;l&#x74;&#x6f;&#58;sp&#x6f;&#x72;&#116;o&#x6b;&#x40;&#112;&#101;c&#x2e;&#x69;&#116;\">&#x73;&#112;&#111;r&#x74;&#x6f;&#107;&#64;&#x70;&#x65;&#99;&#46;&#x69;&#x74;<\/a><br \/>Codice destinatario: SUBM70N<\/p><p><strong>Materiale fotografico:<\/strong><br \/>Archivio, Harald Wisthaler, Pierre Teysot, Newspower<\/p><p><strong>Avviso di responsabilit\u00e0:<\/strong><br \/>I marchi e le societ\u00e0 citate su questo sito sono di propriet\u00e0 del apposito titolare.<br \/>Nonostante l\u2019attento controllo dei contenuti, non assumiamo nessuna responsabilit\u00e0 per i contenuti relativi a link esterni. Sono responsabili per il contenuto delle pagine collegate esclusivamente i gestori delle pagine stesse.<\/p><p><strong>Obblighi di pubblicit\u00e0 e trasparenza per i contributi pubblici<\/strong><br \/>(art. 1, commi 125 e 127 della Legge n. 124\/2017)<\/p><p><a href=\"https:\/\/www.worldcup-dobbiaco.it\/wp-content\/uploads\/Transparenzpflicht_2017-2024_Sport-OK-Toblach.pdf\">Contributi pubblici percepiti da C.O. SPORT OK Toblach<\/a><\/p>\t\t\t\t\t\t\t\t<\/div>\n\t\t\t\t<\/div>\n\t\t\t\t<\/div>\n\t\t<div class=\"elementor-element elementor-element-7748c79 e-con-full e-flex e-con e-child\" data-id=\"7748c79\" data-element_type=\"container\" data-settings=\"{&quot;jet_parallax_layout_list&quot;:[]}\">\n\t\t\t\t<div class=\"elementor-element elementor-element-4a199e1 elementor-widget elementor-widget-text-editor\" data-id=\"4a199e1\" data-element_type=\"widget\" data-widget_type=\"text-editor.default\">\n\t\t\t\t<div class=\"elementor-widget-container\">\n\t\t\t\t\t\t\t\t\t<p><strong>Realizzazione, Concetto &amp; Design:<br \/><\/strong>Fuchsdesign<br \/>Via Dolomiti 25a, 39034 Dobbiaco<br \/>Alto Adige \u2013 Italia<br \/>Tel +39 0474 979 048<br \/><a href=\"&#x6d;&#x61;&#105;l&#x74;&#x6f;&#58;in&#x66;&#x6f;&#64;f&#x75;&#x63;&#104;&#115;d&#x65;&#x73;&#105;g&#x6e;&#x2e;&#105;&#116;\">&#x69;&#110;&#x66;&#x6f;&#64;&#x66;&#117;c&#x68;&#115;d&#x65;&#115;&#x69;&#x67;n&#x2e;&#105;t<\/a><br \/><a class=\"external-link-new-window\" title=\"Opens external link in new window\" href=\"http:\/\/www.fuchsdesign.it\/\" target=\"_blank\" rel=\"noopener noreferrer\">www.fuchsdesign.it<\/a><\/p><p><strong>Informazione obbligatoria ai sensi del Regolamento UE n. 524\/2016 del Parlamento europeo e del Consiglio<\/strong><br \/><a href=\"https:\/\/ec.europa.eu\/consumers\/odr\/\">Piattaforma per la risoluzione delle controversie online<\/a> dei consumatori (ODR) della Commissione europea.<\/p>\t\t\t\t\t\t\t\t<\/div>\n\t\t\t\t<\/div>\n\t\t\t\t<\/div>\n\t\t\t\t\t<\/div>\n\t\t\t\t<\/div>\n\t\t\t\t<\/div>\n\t\t","protected":false},"excerpt":{"rendered":"<p>Impressum Proprietario e responsabile per il contenuto:ASV Sport OK DobbiacoNordic Arena &#8211; Via Lago 16, 39034 DobbiacoTel. +39 0474 976 000E-Mail:\u00a0&#105;&#x6e;f&#x6f;&#64;&#119;&#x6f;&#114;&#x6c;d&#99;&#x75;&#112;&#x2d;d&#x6f;&#x62;&#98;&#x69;a&#x63;o&#46;&#x69;&#116;Web:\u00a0www.worldcup-dobbiaco.it\u00a0 P.IVA 01483970214Pec:\u00a0&#x73;&#112;o&#x72;&#x74;&#111;k&#x40;&#x70;&#101;c&#x2e;&#x69;&#116;Codice destinatario: SUBM70N Materiale fotografico:Archivio, Harald Wisthaler, Pierre Teysot, Newspower Avviso di responsabilit\u00e0:I marchi e le societ\u00e0 citate su questo sito sono di propriet\u00e0 del apposito titolare.Nonostante l\u2019attento controllo dei contenuti, non assumiamo [&hellip;]<\/p>\n","protected":false},"author":1,"featured_media":0,"parent":0,"menu_order":0,"comment_status":"closed","ping_status":"closed","template":"elementor_header_footer","meta":{"_acf_changed":false,"footnotes":""},"class_list":["post-1066","page","type-page","status-publish","hentry"],"acf":[],"yoast_head":"<!-- This site is optimized with the Yoast SEO plugin v27.5 - https:\/\/yoast.com\/product\/yoast-seo-wordpress\/ -->\n<title>Impressum - Worldcup Tour de Ski Dobbiaco<\/title>\n<meta name=\"robots\" content=\"index, follow, max-snippet:-1, max-image-preview:large, max-video-preview:-1\" \/>\n<link rel=\"canonical\" href=\"https:\/\/www.worldcup-dobbiaco.it\/it\/impressum\/\" \/>\n<meta property=\"og:locale\" content=\"it_IT\" \/>\n<meta property=\"og:type\" content=\"article\" \/>\n<meta property=\"og:title\" content=\"Impressum - Worldcup Tour de Ski Dobbiaco\" \/>\n<meta property=\"og:description\" content=\"Impressum Proprietario e responsabile per il contenuto:ASV Sport OK DobbiacoNordic Arena &#8211; Via Lago 16, 39034 DobbiacoTel. +39 0474 976 000E-Mail:\u00a0&#x69;&#110;f&#x6f;&#x40;&#119;o&#x72;&#108;d&#x63;&#x75;&#112;-&#x64;&#111;b&#x62;&#x69;&#097;c&#x6f;&#x2e;&#105;&#x74;Web:\u00a0www.worldcup-dobbiaco.it\u00a0 P.IVA 01483970214Pec:\u00a0s&#112;&#111;&#x72;&#x74;o&#107;&#064;&#x70;&#x65;&#x63;&#046;&#105;&#116;Codice destinatario: SUBM70N Materiale fotografico:Archivio, Harald Wisthaler, Pierre Teysot, Newspower Avviso di responsabilit\u00e0:I marchi e le societ\u00e0 citate su questo sito sono di propriet\u00e0 del apposito titolare.Nonostante l\u2019attento controllo dei contenuti, non assumiamo [&hellip;]\" \/>\n<meta property=\"og:url\" content=\"https:\/\/www.worldcup-dobbiaco.it\/it\/impressum\/\" \/>\n<meta property=\"og:site_name\" content=\"Worldcup Tour de Ski Dobbiaco\" \/>\n<meta property=\"article:publisher\" content=\"http:\/\/www.facebook.com\/worldcuptoblachdobbiaco\" \/>\n<meta property=\"article:modified_time\" content=\"2025-04-10T14:05:53+00:00\" \/>\n<meta name=\"twitter:card\" content=\"summary_large_image\" \/>\n<meta name=\"twitter:label1\" content=\"Tempo di lettura stimato\" \/>\n\t<meta name=\"twitter:data1\" content=\"1 minuto\" \/>\n<script type=\"application\/ld+json\" class=\"yoast-schema-graph\">{\"@context\":\"https:\\\/\\\/schema.org\",\"@graph\":[{\"@type\":\"WebPage\",\"@id\":\"https:\\\/\\\/www.worldcup-dobbiaco.it\\\/it\\\/impressum\\\/\",\"url\":\"https:\\\/\\\/www.worldcup-dobbiaco.it\\\/it\\\/impressum\\\/\",\"name\":\"Impressum - Worldcup Tour de Ski Dobbiaco\",\"isPartOf\":{\"@id\":\"https:\\\/\\\/www.worldcup-dobbiaco.it\\\/#website\"},\"datePublished\":\"2023-08-24T13:34:09+00:00\",\"dateModified\":\"2025-04-10T14:05:53+00:00\",\"breadcrumb\":{\"@id\":\"https:\\\/\\\/www.worldcup-dobbiaco.it\\\/it\\\/impressum\\\/#breadcrumb\"},\"inLanguage\":\"it-IT\",\"potentialAction\":[{\"@type\":\"ReadAction\",\"target\":[\"https:\\\/\\\/www.worldcup-dobbiaco.it\\\/it\\\/impressum\\\/\"]}]},{\"@type\":\"BreadcrumbList\",\"@id\":\"https:\\\/\\\/www.worldcup-dobbiaco.it\\\/it\\\/impressum\\\/#breadcrumb\",\"itemListElement\":[{\"@type\":\"ListItem\",\"position\":1,\"name\":\"Startseite\",\"item\":\"https:\\\/\\\/www.worldcup-dobbiaco.it\\\/it\\\/\"},{\"@type\":\"ListItem\",\"position\":2,\"name\":\"Impressum\"}]},{\"@type\":\"WebSite\",\"@id\":\"https:\\\/\\\/www.worldcup-dobbiaco.it\\\/#website\",\"url\":\"https:\\\/\\\/www.worldcup-dobbiaco.it\\\/\",\"name\":\"Worldcup Tour de Ski Dobbiaco\",\"description\":\"\",\"publisher\":{\"@id\":\"https:\\\/\\\/www.worldcup-dobbiaco.it\\\/#organization\"},\"potentialAction\":[{\"@type\":\"SearchAction\",\"target\":{\"@type\":\"EntryPoint\",\"urlTemplate\":\"https:\\\/\\\/www.worldcup-dobbiaco.it\\\/?s={search_term_string}\"},\"query-input\":{\"@type\":\"PropertyValueSpecification\",\"valueRequired\":true,\"valueName\":\"search_term_string\"}}],\"inLanguage\":\"it-IT\"},{\"@type\":\"Organization\",\"@id\":\"https:\\\/\\\/www.worldcup-dobbiaco.it\\\/#organization\",\"name\":\"Sport OK Toblach Dobbiaco\",\"url\":\"https:\\\/\\\/www.worldcup-dobbiaco.it\\\/\",\"logo\":{\"@type\":\"ImageObject\",\"inLanguage\":\"it-IT\",\"@id\":\"https:\\\/\\\/www.worldcup-dobbiaco.it\\\/#\\\/schema\\\/logo\\\/image\\\/\",\"url\":\"https:\\\/\\\/www.worldcup-dobbiaco.it\\\/wp-content\\\/uploads\\\/logo.sport-ok-1.svg\",\"contentUrl\":\"https:\\\/\\\/www.worldcup-dobbiaco.it\\\/wp-content\\\/uploads\\\/logo.sport-ok-1.svg\",\"width\":1,\"height\":1,\"caption\":\"Sport OK Toblach Dobbiaco\"},\"image\":{\"@id\":\"https:\\\/\\\/www.worldcup-dobbiaco.it\\\/#\\\/schema\\\/logo\\\/image\\\/\"},\"sameAs\":[\"http:\\\/\\\/www.facebook.com\\\/worldcuptoblachdobbiaco\",\"https:\\\/\\\/www.youtube.com\\\/user\\\/sportoktoblach\\\/\",\"https:\\\/\\\/www.instagram.com\\\/worldcupdobbiaco\\\/\",\"https:\\\/\\\/www.flickr.com\\\/photos\\\/144400948@N03\\\/albums\\\/\"]}]}<\/script>\n<!-- \/ Yoast SEO plugin. -->","yoast_head_json":{"title":"Impressum - Worldcup Tour de Ski Dobbiaco","robots":{"index":"index","follow":"follow","max-snippet":"max-snippet:-1","max-image-preview":"max-image-preview:large","max-video-preview":"max-video-preview:-1"},"canonical":"https:\/\/www.worldcup-dobbiaco.it\/it\/impressum\/","og_locale":"it_IT","og_type":"article","og_title":"Impressum - Worldcup Tour de Ski Dobbiaco","og_description":"Impressum Proprietario e responsabile per il contenuto:ASV Sport OK DobbiacoNordic Arena &#8211; Via Lago 16, 39034 DobbiacoTel. +39 0474 976 000E-Mail:\u00a0&#x69;&#110;f&#x6f;&#x40;&#119;o&#x72;&#108;d&#x63;&#x75;&#112;-&#x64;&#111;b&#x62;&#x69;&#97;c&#x6f;&#x2e;&#105;&#x74;Web:\u00a0www.worldcup-dobbiaco.it\u00a0 P.IVA 01483970214Pec:\u00a0s&#112;&#111;&#x72;&#x74;o&#107;&#64;&#x70;&#x65;&#x63;&#46;&#105;&#116;Codice destinatario: SUBM70N Materiale fotografico:Archivio, Harald Wisthaler, Pierre Teysot, Newspower Avviso di responsabilit\u00e0:I marchi e le societ\u00e0 citate su questo sito sono di propriet\u00e0 del apposito titolare.Nonostante l\u2019attento controllo dei contenuti, non assumiamo [&hellip;]","og_url":"https:\/\/www.worldcup-dobbiaco.it\/it\/impressum\/","og_site_name":"Worldcup Tour de Ski Dobbiaco","article_publisher":"http:\/\/www.facebook.com\/worldcuptoblachdobbiaco","article_modified_time":"2025-04-10T14:05:53+00:00","twitter_card":"summary_large_image","twitter_misc":{"Tempo di lettura stimato":"1 minuto"},"schema":{"@context":"https:\/\/schema.org","@graph":[{"@type":"WebPage","@id":"https:\/\/www.worldcup-dobbiaco.it\/it\/impressum\/","url":"https:\/\/www.worldcup-dobbiaco.it\/it\/impressum\/","name":"Impressum - Worldcup Tour de Ski Dobbiaco","isPartOf":{"@id":"https:\/\/www.worldcup-dobbiaco.it\/#website"},"datePublished":"2023-08-24T13:34:09+00:00","dateModified":"2025-04-10T14:05:53+00:00","breadcrumb":{"@id":"https:\/\/www.worldcup-dobbiaco.it\/it\/impressum\/#breadcrumb"},"inLanguage":"it-IT","potentialAction":[{"@type":"ReadAction","target":["https:\/\/www.worldcup-dobbiaco.it\/it\/impressum\/"]}]},{"@type":"BreadcrumbList","@id":"https:\/\/www.worldcup-dobbiaco.it\/it\/impressum\/#breadcrumb","itemListElement":[{"@type":"ListItem","position":1,"name":"Startseite","item":"https:\/\/www.worldcup-dobbiaco.it\/it\/"},{"@type":"ListItem","position":2,"name":"Impressum"}]},{"@type":"WebSite","@id":"https:\/\/www.worldcup-dobbiaco.it\/#website","url":"https:\/\/www.worldcup-dobbiaco.it\/","name":"Worldcup Tour de Ski Dobbiaco","description":"","publisher":{"@id":"https:\/\/www.worldcup-dobbiaco.it\/#organization"},"potentialAction":[{"@type":"SearchAction","target":{"@type":"EntryPoint","urlTemplate":"https:\/\/www.worldcup-dobbiaco.it\/?s={search_term_string}"},"query-input":{"@type":"PropertyValueSpecification","valueRequired":true,"valueName":"search_term_string"}}],"inLanguage":"it-IT"},{"@type":"Organization","@id":"https:\/\/www.worldcup-dobbiaco.it\/#organization","name":"Sport OK Toblach Dobbiaco","url":"https:\/\/www.worldcup-dobbiaco.it\/","logo":{"@type":"ImageObject","inLanguage":"it-IT","@id":"https:\/\/www.worldcup-dobbiaco.it\/#\/schema\/logo\/image\/","url":"https:\/\/www.worldcup-dobbiaco.it\/wp-content\/uploads\/logo.sport-ok-1.svg","contentUrl":"https:\/\/www.worldcup-dobbiaco.it\/wp-content\/uploads\/logo.sport-ok-1.svg","width":1,"height":1,"caption":"Sport OK Toblach Dobbiaco"},"image":{"@id":"https:\/\/www.worldcup-dobbiaco.it\/#\/schema\/logo\/image\/"},"sameAs":["http:\/\/www.facebook.com\/worldcuptoblachdobbiaco","https:\/\/www.youtube.com\/user\/sportoktoblach\/","https:\/\/www.instagram.com\/worldcupdobbiaco\/","https:\/\/www.flickr.com\/photos\/144400948@N03\/albums\/"]}]}},"_links":{"self":[{"href":"https:\/\/www.worldcup-dobbiaco.it\/it\/wp-json\/wp\/v2\/pages\/1066","targetHints":{"allow":["GET"]}}],"collection":[{"href":"https:\/\/www.worldcup-dobbiaco.it\/it\/wp-json\/wp\/v2\/pages"}],"about":[{"href":"https:\/\/www.worldcup-dobbiaco.it\/it\/wp-json\/wp\/v2\/types\/page"}],"author":[{"embeddable":true,"href":"https:\/\/www.worldcup-dobbiaco.it\/it\/wp-json\/wp\/v2\/users\/1"}],"replies":[{"embeddable":true,"href":"https:\/\/www.worldcup-dobbiaco.it\/it\/wp-json\/wp\/v2\/comments?post=1066"}],"version-history":[{"count":3,"href":"https:\/\/www.worldcup-dobbiaco.it\/it\/wp-json\/wp\/v2\/pages\/1066\/revisions"}],"predecessor-version":[{"id":4537,"href":"https:\/\/www.worldcup-dobbiaco.it\/it\/wp-json\/wp\/v2\/pages\/1066\/revisions\/4537"}],"wp:attachment":[{"href":"https:\/\/www.worldcup-dobbiaco.it\/it\/wp-json\/wp\/v2\/media?parent=1066"}],"curies":[{"name":"wp","href":"https:\/\/api.w.org\/{rel}","templated":true}]}}