{"id":1617,"date":"2023-09-04T08:31:15","date_gmt":"2023-09-04T06:31:15","guid":{"rendered":"https:\/\/www.worldcup-dobbiaco.it\/coop-mini\/"},"modified":"2025-12-15T09:17:11","modified_gmt":"2025-12-15T08:17:11","slug":"mini","status":"publish","type":"page","link":"https:\/\/www.worldcup-dobbiaco.it\/it\/mini\/","title":{"rendered":"Mini World Cup"},"content":{"rendered":"\t\t<div data-elementor-type=\"wp-page\" data-elementor-id=\"1617\" class=\"elementor elementor-1617\">\n\t\t\t\t<div class=\"elementor-element elementor-element-48b9b59e e-flex e-con-boxed e-con e-parent\" data-id=\"48b9b59e\" data-element_type=\"container\" data-settings=\"{&quot;background_background&quot;:&quot;classic&quot;,&quot;jet_parallax_layout_list&quot;:[]}\">\n\t\t\t\t\t<div class=\"e-con-inner\">\n\t\t\t\t<div class=\"elementor-element elementor-element-197a014 elementor-invisible elementor-widget elementor-widget-heading\" data-id=\"197a014\" data-element_type=\"widget\" data-settings=\"{&quot;_animation&quot;:&quot;slideInLeft&quot;}\" data-widget_type=\"heading.default\">\n\t\t\t\t<div class=\"elementor-widget-container\">\n\t\t\t\t\t<h2 class=\"elementor-heading-title elementor-size-default\">Mini<\/h2>\t\t\t\t<\/div>\n\t\t\t\t<\/div>\n\t\t\t\t\t<\/div>\n\t\t\t\t<\/div>\n\t\t<div class=\"elementor-element elementor-element-3bf6f6c1 e-flex e-con-boxed e-con e-parent\" data-id=\"3bf6f6c1\" data-element_type=\"container\" data-settings=\"{&quot;jet_parallax_layout_list&quot;:[]}\">\n\t\t\t\t\t<div class=\"e-con-inner\">\n\t\t<div class=\"elementor-element elementor-element-e2bc457 e-con-full e-flex e-con e-child\" data-id=\"e2bc457\" data-element_type=\"container\" data-settings=\"{&quot;jet_parallax_layout_list&quot;:[]}\">\n\t\t\t\t<div class=\"elementor-element elementor-element-2e053f6f elementor-widget elementor-widget-heading\" data-id=\"2e053f6f\" data-element_type=\"widget\" data-widget_type=\"heading.default\">\n\t\t\t\t<div class=\"elementor-widget-container\">\n\t\t\t\t\t<h2 class=\"elementor-heading-title elementor-size-default\">Mini World Cup <br>Gara di fondo per bamBini e ragazzi il 30.12.2025\n\n<\/h2>\t\t\t\t<\/div>\n\t\t\t\t<\/div>\n\t\t\t\t<div class=\"elementor-element elementor-element-77ca7a61 elementor-widget elementor-widget-text-editor\" data-id=\"77ca7a61\" data-element_type=\"widget\" data-widget_type=\"text-editor.default\">\n\t\t\t\t<div class=\"elementor-widget-container\">\n\t\t\t\t\t\t\t\t\t<p>Sentirsi per una volta come i loro grandi idoli: alla Mini World Cup del 30 dicembre alle 14:00, i bambini avranno l&#8217;opportunit\u00e0 di farlo.<\/p><p>Ci sar\u00e0 un tracciato vario e pieno di ostacoli. Tuttavia, il divertimento \u00e8 la priorit\u00e0 assoluta: l&#8217;obiettivo principale \u00e8 quello di incentivare i bambini a fare esercizio all&#8217;aria aperta. E chiss\u00e0, forse da queste gare uscir\u00e0 il prossimo atleta olimpico?<\/p><p>Ricchi premi, sponsorizzati da <strong>Kraler Sport, STAR Ski Wax e Avis!<\/strong><\/p><p><strong>Quota di iscrizione:<\/strong> 15\u20ac\/bambino<\/p><p><strong>Iscrizioni<\/strong> via e-mail possibilmente entro il 28.12.2025 a <a href=\"&#109;a&#x69;l&#x74;&#111;&#x3a;&#105;&#x6e;&#102;o&#x40;w&#x6f;&#114;&#x6c;&#100;&#x63;&#117;&#x70;&#45;d&#x6f;b&#x62;&#105;&#x61;&#99;&#x6f;&#46;i&#x74;\">&#x69;n&#x66;&#111;&#x40;&#119;&#x6f;&#x72;l&#x64;&#99;&#x75;&#112;&#x2d;&#100;o&#x62;&#98;&#x69;&#97;&#x63;&#111;&#46;&#x69;&#116;<\/a><\/p><p><strong>Categorie:<\/strong><br \/>Topo: 2019-2021<br \/>Coniglio: 2017-2018<br \/>Capra: 2015-2016<br \/>Cavallo: 2013-2014<br \/>Orso: 2010-2012<\/p><p><strong>Format:<\/strong><br \/>Mass Start in Tecnica Libera<\/p>\t\t\t\t\t\t\t\t<\/div>\n\t\t\t\t<\/div>\n\t\t\t\t<\/div>\n\t\t<div class=\"elementor-element elementor-element-37821f40 e-con-full e-flex e-con e-child\" data-id=\"37821f40\" data-element_type=\"container\" data-settings=\"{&quot;jet_parallax_layout_list&quot;:[]}\">\n\t\t\t\t<div class=\"elementor-element elementor-element-12592735 elementor-widget elementor-widget-image\" data-id=\"12592735\" data-element_type=\"widget\" data-widget_type=\"image.default\">\n\t\t\t\t<div class=\"elementor-widget-container\">\n\t\t\t\t\t\t\t\t\t\t\t\t\t\t\t\t<a href=\"https:\/\/www.worldcup-dobbiaco.it\/wp-content\/uploads\/mini-worldcup3.jpg\" data-elementor-open-lightbox=\"yes\" data-elementor-lightbox-title=\"mini-worldcup3\" data-e-action-hash=\"#elementor-action%3Aaction%3Dlightbox%26settings%3DeyJpZCI6NTAwOCwidXJsIjoiaHR0cHM6XC9cL3d3dy53b3JsZGN1cC1kb2JiaWFjby5pdFwvd3AtY29udGVudFwvdXBsb2Fkc1wvbWluaS13b3JsZGN1cDMuanBnIn0%3D\">\n\t\t\t\t\t\t\t<img fetchpriority=\"high\" decoding=\"async\" width=\"1000\" height=\"667\" src=\"https:\/\/www.worldcup-dobbiaco.it\/wp-content\/uploads\/mini-worldcup3.jpg\" class=\"attachment-large size-large wp-image-5008\" alt=\"\" srcset=\"https:\/\/www.worldcup-dobbiaco.it\/wp-content\/uploads\/mini-worldcup3.jpg 1000w, https:\/\/www.worldcup-dobbiaco.it\/wp-content\/uploads\/mini-worldcup3-150x100.jpg 150w, https:\/\/www.worldcup-dobbiaco.it\/wp-content\/uploads\/mini-worldcup3-768x512.jpg 768w, https:\/\/www.worldcup-dobbiaco.it\/wp-content\/uploads\/mini-worldcup3-270x180.jpg 270w\" sizes=\"(max-width: 1000px) 100vw, 1000px\" \/>\t\t\t\t\t\t\t\t<\/a>\n\t\t\t\t\t\t\t\t\t\t\t\t\t\t\t<\/div>\n\t\t\t\t<\/div>\n\t\t\t\t<div class=\"elementor-element elementor-element-3d2814e4 elementor-widget elementor-widget-image\" data-id=\"3d2814e4\" data-element_type=\"widget\" data-widget_type=\"image.default\">\n\t\t\t\t<div class=\"elementor-widget-container\">\n\t\t\t\t\t\t\t\t\t\t\t\t\t\t\t\t<a href=\"https:\/\/www.worldcup-dobbiaco.it\/wp-content\/uploads\/mini-worldcup2.jpg\" data-elementor-open-lightbox=\"yes\" data-elementor-lightbox-title=\"mini-worldcup2\" data-e-action-hash=\"#elementor-action%3Aaction%3Dlightbox%26settings%3DeyJpZCI6NTAxMSwidXJsIjoiaHR0cHM6XC9cL3d3dy53b3JsZGN1cC1kb2JiaWFjby5pdFwvd3AtY29udGVudFwvdXBsb2Fkc1wvbWluaS13b3JsZGN1cDIuanBnIn0%3D\">\n\t\t\t\t\t\t\t<img decoding=\"async\" width=\"1000\" height=\"667\" src=\"https:\/\/www.worldcup-dobbiaco.it\/wp-content\/uploads\/mini-worldcup2.jpg\" class=\"attachment-large size-large wp-image-5011\" alt=\"\" srcset=\"https:\/\/www.worldcup-dobbiaco.it\/wp-content\/uploads\/mini-worldcup2.jpg 1000w, https:\/\/www.worldcup-dobbiaco.it\/wp-content\/uploads\/mini-worldcup2-150x100.jpg 150w, https:\/\/www.worldcup-dobbiaco.it\/wp-content\/uploads\/mini-worldcup2-768x512.jpg 768w, https:\/\/www.worldcup-dobbiaco.it\/wp-content\/uploads\/mini-worldcup2-270x180.jpg 270w\" sizes=\"(max-width: 1000px) 100vw, 1000px\" \/>\t\t\t\t\t\t\t\t<\/a>\n\t\t\t\t\t\t\t\t\t\t\t\t\t\t\t<\/div>\n\t\t\t\t<\/div>\n\t\t\t\t<\/div>\n\t\t\t\t\t<\/div>\n\t\t\t\t<\/div>\n\t\t\t\t<\/div>\n\t\t","protected":false},"excerpt":{"rendered":"<p>Mini Mini World Cup Gara di fondo per bamBini e ragazzi il 30.12.2025 Sentirsi per una volta come i loro grandi idoli: alla Mini World Cup del 30 dicembre alle 14:00, i bambini avranno l&#8217;opportunit\u00e0 di farlo. Ci sar\u00e0 un tracciato vario e pieno di ostacoli. Tuttavia, il divertimento \u00e8 la priorit\u00e0 assoluta: l&#8217;obiettivo principale [&hellip;]<\/p>\n","protected":false},"author":1,"featured_media":0,"parent":0,"menu_order":0,"comment_status":"closed","ping_status":"closed","template":"elementor_header_footer","meta":{"_acf_changed":false,"footnotes":""},"class_list":["post-1617","page","type-page","status-publish","hentry"],"acf":[],"yoast_head":"<!-- This site is optimized with the Yoast SEO plugin v27.4 - https:\/\/yoast.com\/product\/yoast-seo-wordpress\/ -->\n<title>Mini World Cup - Worldcup Tour de Ski Dobbiaco<\/title>\n<meta name=\"robots\" content=\"index, follow, max-snippet:-1, max-image-preview:large, max-video-preview:-1\" \/>\n<link rel=\"canonical\" href=\"https:\/\/www.worldcup-dobbiaco.it\/mini\/\" \/>\n<meta property=\"og:locale\" content=\"it_IT\" \/>\n<meta property=\"og:type\" content=\"article\" \/>\n<meta property=\"og:title\" content=\"Mini World Cup - Worldcup Tour de Ski Dobbiaco\" \/>\n<meta property=\"og:description\" content=\"Mini Mini World Cup Gara di fondo per bamBini e ragazzi il 30.12.2025 Sentirsi per una volta come i loro grandi idoli: alla Mini World Cup del 30 dicembre alle 14:00, i bambini avranno l&#8217;opportunit\u00e0 di farlo. Ci sar\u00e0 un tracciato vario e pieno di ostacoli. Tuttavia, il divertimento \u00e8 la priorit\u00e0 assoluta: l&#8217;obiettivo principale [&hellip;]\" \/>\n<meta property=\"og:url\" content=\"https:\/\/www.worldcup-dobbiaco.it\/mini\/\" \/>\n<meta property=\"og:site_name\" content=\"Worldcup Tour de Ski Dobbiaco\" \/>\n<meta property=\"article:publisher\" content=\"http:\/\/www.facebook.com\/worldcuptoblachdobbiaco\" \/>\n<meta property=\"article:modified_time\" content=\"2025-12-15T08:17:11+00:00\" \/>\n<meta property=\"og:image\" content=\"https:\/\/www.worldcup-dobbiaco.it\/wp-content\/uploads\/mini-worldcup3.jpg\" \/>\n\t<meta property=\"og:image:width\" content=\"1000\" \/>\n\t<meta property=\"og:image:height\" content=\"667\" \/>\n\t<meta property=\"og:image:type\" content=\"image\/jpeg\" \/>\n<meta name=\"twitter:card\" content=\"summary_large_image\" \/>\n<meta name=\"twitter:label1\" content=\"Tempo di lettura stimato\" \/>\n\t<meta name=\"twitter:data1\" content=\"2 minuti\" \/>\n<script type=\"application\/ld+json\" class=\"yoast-schema-graph\">{\"@context\":\"https:\\\/\\\/schema.org\",\"@graph\":[{\"@type\":\"WebPage\",\"@id\":\"https:\\\/\\\/www.worldcup-dobbiaco.it\\\/mini\\\/\",\"url\":\"https:\\\/\\\/www.worldcup-dobbiaco.it\\\/mini\\\/\",\"name\":\"Mini World Cup - Worldcup Tour de Ski Dobbiaco\",\"isPartOf\":{\"@id\":\"https:\\\/\\\/www.worldcup-dobbiaco.it\\\/#website\"},\"primaryImageOfPage\":{\"@id\":\"https:\\\/\\\/www.worldcup-dobbiaco.it\\\/mini\\\/#primaryimage\"},\"image\":{\"@id\":\"https:\\\/\\\/www.worldcup-dobbiaco.it\\\/mini\\\/#primaryimage\"},\"thumbnailUrl\":\"https:\\\/\\\/www.worldcup-dobbiaco.it\\\/wp-content\\\/uploads\\\/mini-worldcup3.jpg\",\"datePublished\":\"2023-09-04T06:31:15+00:00\",\"dateModified\":\"2025-12-15T08:17:11+00:00\",\"breadcrumb\":{\"@id\":\"https:\\\/\\\/www.worldcup-dobbiaco.it\\\/mini\\\/#breadcrumb\"},\"inLanguage\":\"it-IT\",\"potentialAction\":[{\"@type\":\"ReadAction\",\"target\":[\"https:\\\/\\\/www.worldcup-dobbiaco.it\\\/mini\\\/\"]}]},{\"@type\":\"ImageObject\",\"inLanguage\":\"it-IT\",\"@id\":\"https:\\\/\\\/www.worldcup-dobbiaco.it\\\/mini\\\/#primaryimage\",\"url\":\"https:\\\/\\\/www.worldcup-dobbiaco.it\\\/wp-content\\\/uploads\\\/mini-worldcup3.jpg\",\"contentUrl\":\"https:\\\/\\\/www.worldcup-dobbiaco.it\\\/wp-content\\\/uploads\\\/mini-worldcup3.jpg\"},{\"@type\":\"BreadcrumbList\",\"@id\":\"https:\\\/\\\/www.worldcup-dobbiaco.it\\\/mini\\\/#breadcrumb\",\"itemListElement\":[{\"@type\":\"ListItem\",\"position\":1,\"name\":\"Startseite\",\"item\":\"https:\\\/\\\/www.worldcup-dobbiaco.it\\\/it\\\/\"},{\"@type\":\"ListItem\",\"position\":2,\"name\":\"Mini World Cup\"}]},{\"@type\":\"WebSite\",\"@id\":\"https:\\\/\\\/www.worldcup-dobbiaco.it\\\/#website\",\"url\":\"https:\\\/\\\/www.worldcup-dobbiaco.it\\\/\",\"name\":\"Worldcup Tour de Ski Dobbiaco\",\"description\":\"\",\"publisher\":{\"@id\":\"https:\\\/\\\/www.worldcup-dobbiaco.it\\\/#organization\"},\"potentialAction\":[{\"@type\":\"SearchAction\",\"target\":{\"@type\":\"EntryPoint\",\"urlTemplate\":\"https:\\\/\\\/www.worldcup-dobbiaco.it\\\/?s={search_term_string}\"},\"query-input\":{\"@type\":\"PropertyValueSpecification\",\"valueRequired\":true,\"valueName\":\"search_term_string\"}}],\"inLanguage\":\"it-IT\"},{\"@type\":\"Organization\",\"@id\":\"https:\\\/\\\/www.worldcup-dobbiaco.it\\\/#organization\",\"name\":\"Sport OK Toblach Dobbiaco\",\"url\":\"https:\\\/\\\/www.worldcup-dobbiaco.it\\\/\",\"logo\":{\"@type\":\"ImageObject\",\"inLanguage\":\"it-IT\",\"@id\":\"https:\\\/\\\/www.worldcup-dobbiaco.it\\\/#\\\/schema\\\/logo\\\/image\\\/\",\"url\":\"https:\\\/\\\/www.worldcup-dobbiaco.it\\\/wp-content\\\/uploads\\\/logo.sport-ok-1.svg\",\"contentUrl\":\"https:\\\/\\\/www.worldcup-dobbiaco.it\\\/wp-content\\\/uploads\\\/logo.sport-ok-1.svg\",\"width\":1,\"height\":1,\"caption\":\"Sport OK Toblach Dobbiaco\"},\"image\":{\"@id\":\"https:\\\/\\\/www.worldcup-dobbiaco.it\\\/#\\\/schema\\\/logo\\\/image\\\/\"},\"sameAs\":[\"http:\\\/\\\/www.facebook.com\\\/worldcuptoblachdobbiaco\",\"https:\\\/\\\/www.youtube.com\\\/user\\\/sportoktoblach\\\/\",\"https:\\\/\\\/www.instagram.com\\\/worldcupdobbiaco\\\/\",\"https:\\\/\\\/www.flickr.com\\\/photos\\\/144400948@N03\\\/albums\\\/\"]}]}<\/script>\n<!-- \/ Yoast SEO plugin. -->","yoast_head_json":{"title":"Mini World Cup - Worldcup Tour de Ski Dobbiaco","robots":{"index":"index","follow":"follow","max-snippet":"max-snippet:-1","max-image-preview":"max-image-preview:large","max-video-preview":"max-video-preview:-1"},"canonical":"https:\/\/www.worldcup-dobbiaco.it\/mini\/","og_locale":"it_IT","og_type":"article","og_title":"Mini World Cup - Worldcup Tour de Ski Dobbiaco","og_description":"Mini Mini World Cup Gara di fondo per bamBini e ragazzi il 30.12.2025 Sentirsi per una volta come i loro grandi idoli: alla Mini World Cup del 30 dicembre alle 14:00, i bambini avranno l&#8217;opportunit\u00e0 di farlo. Ci sar\u00e0 un tracciato vario e pieno di ostacoli. Tuttavia, il divertimento \u00e8 la priorit\u00e0 assoluta: l&#8217;obiettivo principale [&hellip;]","og_url":"https:\/\/www.worldcup-dobbiaco.it\/mini\/","og_site_name":"Worldcup Tour de Ski Dobbiaco","article_publisher":"http:\/\/www.facebook.com\/worldcuptoblachdobbiaco","article_modified_time":"2025-12-15T08:17:11+00:00","og_image":[{"width":1000,"height":667,"url":"https:\/\/www.worldcup-dobbiaco.it\/wp-content\/uploads\/mini-worldcup3.jpg","type":"image\/jpeg"}],"twitter_card":"summary_large_image","twitter_misc":{"Tempo di lettura stimato":"2 minuti"},"schema":{"@context":"https:\/\/schema.org","@graph":[{"@type":"WebPage","@id":"https:\/\/www.worldcup-dobbiaco.it\/mini\/","url":"https:\/\/www.worldcup-dobbiaco.it\/mini\/","name":"Mini World Cup - Worldcup Tour de Ski Dobbiaco","isPartOf":{"@id":"https:\/\/www.worldcup-dobbiaco.it\/#website"},"primaryImageOfPage":{"@id":"https:\/\/www.worldcup-dobbiaco.it\/mini\/#primaryimage"},"image":{"@id":"https:\/\/www.worldcup-dobbiaco.it\/mini\/#primaryimage"},"thumbnailUrl":"https:\/\/www.worldcup-dobbiaco.it\/wp-content\/uploads\/mini-worldcup3.jpg","datePublished":"2023-09-04T06:31:15+00:00","dateModified":"2025-12-15T08:17:11+00:00","breadcrumb":{"@id":"https:\/\/www.worldcup-dobbiaco.it\/mini\/#breadcrumb"},"inLanguage":"it-IT","potentialAction":[{"@type":"ReadAction","target":["https:\/\/www.worldcup-dobbiaco.it\/mini\/"]}]},{"@type":"ImageObject","inLanguage":"it-IT","@id":"https:\/\/www.worldcup-dobbiaco.it\/mini\/#primaryimage","url":"https:\/\/www.worldcup-dobbiaco.it\/wp-content\/uploads\/mini-worldcup3.jpg","contentUrl":"https:\/\/www.worldcup-dobbiaco.it\/wp-content\/uploads\/mini-worldcup3.jpg"},{"@type":"BreadcrumbList","@id":"https:\/\/www.worldcup-dobbiaco.it\/mini\/#breadcrumb","itemListElement":[{"@type":"ListItem","position":1,"name":"Startseite","item":"https:\/\/www.worldcup-dobbiaco.it\/it\/"},{"@type":"ListItem","position":2,"name":"Mini World Cup"}]},{"@type":"WebSite","@id":"https:\/\/www.worldcup-dobbiaco.it\/#website","url":"https:\/\/www.worldcup-dobbiaco.it\/","name":"Worldcup Tour de Ski Dobbiaco","description":"","publisher":{"@id":"https:\/\/www.worldcup-dobbiaco.it\/#organization"},"potentialAction":[{"@type":"SearchAction","target":{"@type":"EntryPoint","urlTemplate":"https:\/\/www.worldcup-dobbiaco.it\/?s={search_term_string}"},"query-input":{"@type":"PropertyValueSpecification","valueRequired":true,"valueName":"search_term_string"}}],"inLanguage":"it-IT"},{"@type":"Organization","@id":"https:\/\/www.worldcup-dobbiaco.it\/#organization","name":"Sport OK Toblach Dobbiaco","url":"https:\/\/www.worldcup-dobbiaco.it\/","logo":{"@type":"ImageObject","inLanguage":"it-IT","@id":"https:\/\/www.worldcup-dobbiaco.it\/#\/schema\/logo\/image\/","url":"https:\/\/www.worldcup-dobbiaco.it\/wp-content\/uploads\/logo.sport-ok-1.svg","contentUrl":"https:\/\/www.worldcup-dobbiaco.it\/wp-content\/uploads\/logo.sport-ok-1.svg","width":1,"height":1,"caption":"Sport OK Toblach Dobbiaco"},"image":{"@id":"https:\/\/www.worldcup-dobbiaco.it\/#\/schema\/logo\/image\/"},"sameAs":["http:\/\/www.facebook.com\/worldcuptoblachdobbiaco","https:\/\/www.youtube.com\/user\/sportoktoblach\/","https:\/\/www.instagram.com\/worldcupdobbiaco\/","https:\/\/www.flickr.com\/photos\/144400948@N03\/albums\/"]}]}},"_links":{"self":[{"href":"https:\/\/www.worldcup-dobbiaco.it\/it\/wp-json\/wp\/v2\/pages\/1617","targetHints":{"allow":["GET"]}}],"collection":[{"href":"https:\/\/www.worldcup-dobbiaco.it\/it\/wp-json\/wp\/v2\/pages"}],"about":[{"href":"https:\/\/www.worldcup-dobbiaco.it\/it\/wp-json\/wp\/v2\/types\/page"}],"author":[{"embeddable":true,"href":"https:\/\/www.worldcup-dobbiaco.it\/it\/wp-json\/wp\/v2\/users\/1"}],"replies":[{"embeddable":true,"href":"https:\/\/www.worldcup-dobbiaco.it\/it\/wp-json\/wp\/v2\/comments?post=1617"}],"version-history":[{"count":5,"href":"https:\/\/www.worldcup-dobbiaco.it\/it\/wp-json\/wp\/v2\/pages\/1617\/revisions"}],"predecessor-version":[{"id":5295,"href":"https:\/\/www.worldcup-dobbiaco.it\/it\/wp-json\/wp\/v2\/pages\/1617\/revisions\/5295"}],"wp:attachment":[{"href":"https:\/\/www.worldcup-dobbiaco.it\/it\/wp-json\/wp\/v2\/media?parent=1617"}],"curies":[{"name":"wp","href":"https:\/\/api.w.org\/{rel}","templated":true}]}}