{"id":932,"date":"2023-08-14T15:45:50","date_gmt":"2023-08-14T13:45:50","guid":{"rendered":"https:\/\/www.worldcup-dobbiaco.it\/programma\/"},"modified":"2025-12-28T18:51:25","modified_gmt":"2025-12-28T17:51:25","slug":"programma","status":"publish","type":"page","link":"https:\/\/www.worldcup-dobbiaco.it\/it\/programma\/","title":{"rendered":"Programma"},"content":{"rendered":"\t\t<div data-elementor-type=\"wp-page\" data-elementor-id=\"932\" class=\"elementor elementor-932\">\n\t\t\t\t<div class=\"elementor-element elementor-element-5ada91e7 e-flex e-con-boxed e-con e-parent\" data-id=\"5ada91e7\" data-element_type=\"container\" data-settings=\"{&quot;background_background&quot;:&quot;classic&quot;,&quot;jet_parallax_layout_list&quot;:[]}\">\n\t\t\t\t\t<div class=\"e-con-inner\">\n\t\t\t\t<div class=\"elementor-element elementor-element-57b8de1b elementor-invisible elementor-widget elementor-widget-heading\" data-id=\"57b8de1b\" data-element_type=\"widget\" data-settings=\"{&quot;_animation&quot;:&quot;slideInLeft&quot;}\" data-widget_type=\"heading.default\">\n\t\t\t\t<div class=\"elementor-widget-container\">\n\t\t\t\t\t<h2 class=\"elementor-heading-title elementor-size-default\">Info<\/h2>\t\t\t\t<\/div>\n\t\t\t\t<\/div>\n\t\t\t\t\t<\/div>\n\t\t\t\t<\/div>\n\t\t<div class=\"elementor-element elementor-element-4e159e2d e-flex e-con-boxed e-con e-parent\" data-id=\"4e159e2d\" data-element_type=\"container\" data-settings=\"{&quot;jet_parallax_layout_list&quot;:[]}\">\n\t\t\t\t\t<div class=\"e-con-inner\">\n\t\t<div class=\"elementor-element elementor-element-7f8391c4 e-con-full e-flex e-con e-child\" data-id=\"7f8391c4\" data-element_type=\"container\" data-settings=\"{&quot;jet_parallax_layout_list&quot;:[]}\">\n\t\t\t\t<div class=\"elementor-element elementor-element-67194567 elementor-widget elementor-widget-heading\" data-id=\"67194567\" data-element_type=\"widget\" data-widget_type=\"heading.default\">\n\t\t\t\t<div class=\"elementor-widget-container\">\n\t\t\t\t\t<h2 class=\"elementor-heading-title elementor-size-default\">Programma gara<\/h2>\t\t\t\t<\/div>\n\t\t\t\t<\/div>\n\t\t\t\t<div class=\"elementor-element elementor-element-19693578 elementor-widget elementor-widget-text-editor\" data-id=\"19693578\" data-element_type=\"widget\" data-widget_type=\"text-editor.default\">\n\t\t\t\t<div class=\"elementor-widget-container\">\n\t\t\t\t\t\t\t\t\t<p><em>Coop FIS Tour de Ski performance by Le Gruy\u00e8re AOP<\/em><\/p><p><strong>Sabato, 27.12.2025<\/strong><br \/>Allenamento ufficiale<br \/>18:00<strong> Cerimonia di apertura nel centro del paese di Dobbiaco: Team-Presentation &amp; Live-Music<\/strong><\/p><p><strong>Domenica, 28.12.2025<br \/><\/strong>11:45 Sprint F Qualification<br \/>14:15 Sprint F Final<\/p><p><strong>Luned\u00ec, 29.12.2025<\/strong><br \/>11:45 Men&#8217;s 10km Interval Start C<br \/>14:45 Women&#8217;s 10km Interval Start C<\/p><p><strong>Marted\u00ec, 30.12.2025<br \/><\/strong>10:00-12:00 Official Training<\/p><p><strong>Mercoled\u00ec, 31.12.2025<br \/>NEW:<\/strong> 11:30 Men&#8217;s 5km Heat Mass Start F<br \/><strong>NEW:<\/strong> 14:30 Women&#8217;s 5km Heat Mass Start F<\/p><p><strong>Gioved\u00ec, 01.01.2026<br \/><\/strong>10:30 Men&#8217;s 20km Pursuit C<br \/>12:30 Women&#8217;s 20km Pursuit C<\/p><p><a href=\"https:\/\/www.fis-ski.com\/DB\/general\/event-details.html?sectorcode=CC&amp;eventid=58073&amp;seasoncode=2026\">Risultati e calendario FIS<\/a><\/p>\t\t\t\t\t\t\t\t<\/div>\n\t\t\t\t<\/div>\n\t\t\t\t<div class=\"elementor-element elementor-element-66699629 elementor-widget elementor-widget-heading\" data-id=\"66699629\" data-element_type=\"widget\" data-widget_type=\"heading.default\">\n\t\t\t\t<div class=\"elementor-widget-container\">\n\t\t\t\t\t<h3 class=\"elementor-heading-title elementor-size-default\">Opening &amp; Eventi<\/h3>\t\t\t\t<\/div>\n\t\t\t\t<\/div>\n\t\t\t\t<div class=\"elementor-element elementor-element-6fc28aca elementor-widget elementor-widget-image\" data-id=\"6fc28aca\" data-element_type=\"widget\" data-widget_type=\"image.default\">\n\t\t\t\t<div class=\"elementor-widget-container\">\n\t\t\t\t\t\t\t\t\t\t\t\t\t\t\t<img fetchpriority=\"high\" decoding=\"async\" width=\"800\" height=\"500\" src=\"https:\/\/www.worldcup-dobbiaco.it\/wp-content\/uploads\/opening-TDS-toblach-dobbiaco.jpg\" class=\"attachment-large size-large wp-image-5080\" alt=\"\" srcset=\"https:\/\/www.worldcup-dobbiaco.it\/wp-content\/uploads\/opening-TDS-toblach-dobbiaco.jpg 800w, https:\/\/www.worldcup-dobbiaco.it\/wp-content\/uploads\/opening-TDS-toblach-dobbiaco-150x94.jpg 150w, https:\/\/www.worldcup-dobbiaco.it\/wp-content\/uploads\/opening-TDS-toblach-dobbiaco-768x480.jpg 768w, https:\/\/www.worldcup-dobbiaco.it\/wp-content\/uploads\/opening-TDS-toblach-dobbiaco-270x169.jpg 270w\" sizes=\"(max-width: 800px) 100vw, 800px\" \/>\t\t\t\t\t\t\t\t\t\t\t\t\t\t\t<\/div>\n\t\t\t\t<\/div>\n\t\t\t\t<div class=\"elementor-element elementor-element-6b1f731e elementor-widget elementor-widget-text-editor\" data-id=\"6b1f731e\" data-element_type=\"widget\" data-widget_type=\"text-editor.default\">\n\t\t\t\t<div class=\"elementor-widget-container\">\n\t\t\t\t\t\t\t\t\t<p><strong>27.12.2025:<br \/><\/strong>Cerimonia di apertura <span style=\"color: var( --e-global-color-text ); font-family: var( --e-global-typography-text-font-family ), Sans-serif; font-size: var( --e-global-typography-text-font-size ); text-align: var(--text-align);\">nel centro del paese di Dobbiaco: Team-Presentation &amp; Live-Music.<\/span><\/p><p><a href=\"https:\/\/www.worldcup-dobbiaco.it\/it\/eventi-di-contorno\/\">Vai agli eventi di contorno<\/a><\/p>\t\t\t\t\t\t\t\t<\/div>\n\t\t\t\t<\/div>\n\t\t\t\t<div class=\"elementor-element elementor-element-541bde7b elementor-widget elementor-widget-image\" data-id=\"541bde7b\" data-element_type=\"widget\" data-widget_type=\"image.default\">\n\t\t\t\t<div class=\"elementor-widget-container\">\n\t\t\t\t\t\t\t\t\t\t\t\t\t\t\t\t<a href=\"https:\/\/www.worldcup-dobbiaco.it\/vip\/\">\n\t\t\t\t\t\t\t<img decoding=\"async\" width=\"450\" height=\"263\" src=\"https:\/\/www.worldcup-dobbiaco.it\/wp-content\/uploads\/want-to-be-a-vip.png\" class=\"attachment-large size-large wp-image-2621\" alt=\"\" srcset=\"https:\/\/www.worldcup-dobbiaco.it\/wp-content\/uploads\/want-to-be-a-vip.png 450w, https:\/\/www.worldcup-dobbiaco.it\/wp-content\/uploads\/want-to-be-a-vip-150x88.png 150w, https:\/\/www.worldcup-dobbiaco.it\/wp-content\/uploads\/want-to-be-a-vip-270x158.png 270w\" sizes=\"(max-width: 450px) 100vw, 450px\" \/>\t\t\t\t\t\t\t\t<\/a>\n\t\t\t\t\t\t\t\t\t\t\t\t\t\t\t<\/div>\n\t\t\t\t<\/div>\n\t\t\t\t<div class=\"elementor-element elementor-element-5eb4830a elementor-widget elementor-widget-text-editor\" data-id=\"5eb4830a\" data-element_type=\"widget\" data-widget_type=\"text-editor.default\">\n\t\t\t\t<div class=\"elementor-widget-container\">\n\t\t\t\t\t\t\t\t\t<p><a href=\"https:\/\/www.worldcup-dobbiaco.it\/it\/vip\/\">Vip-Hospitality &#8211; Tickets<\/a><\/p>\t\t\t\t\t\t\t\t<\/div>\n\t\t\t\t<\/div>\n\t\t\t\t<\/div>\n\t\t<div class=\"elementor-element elementor-element-3488575d e-con-full e-flex e-con e-child\" data-id=\"3488575d\" data-element_type=\"container\" data-settings=\"{&quot;jet_parallax_layout_list&quot;:[]}\">\n\t\t\t\t<div class=\"elementor-element elementor-element-2f18cdfb elementor-widget elementor-widget-heading\" data-id=\"2f18cdfb\" data-element_type=\"widget\" data-widget_type=\"heading.default\">\n\t\t\t\t<div class=\"elementor-widget-container\">\n\t\t\t\t\t<h3 class=\"elementor-heading-title elementor-size-default\">Parking<\/h3>\t\t\t\t<\/div>\n\t\t\t\t<\/div>\n\t\t\t\t<div class=\"elementor-element elementor-element-2ef45445 elementor-widget elementor-widget-text-editor\" data-id=\"2ef45445\" data-element_type=\"widget\" data-widget_type=\"text-editor.default\">\n\t\t\t\t<div class=\"elementor-widget-container\">\n\t\t\t\t\t\t\t\t\t<p>Le gare di fondo si svolgono alla <strong>Nordic Arena di Dobbiaco.<\/strong><\/p><p>Seguite le indicazioni per raggiungere il <strong>grande parcheggio visitatori!<\/strong><\/p>\t\t\t\t\t\t\t\t<\/div>\n\t\t\t\t<\/div>\n\t\t\t\t<div class=\"elementor-element elementor-element-1e6f78d8 elementor-icon-list--layout-traditional elementor-list-item-link-full_width elementor-widget elementor-widget-icon-list\" data-id=\"1e6f78d8\" data-element_type=\"widget\" data-widget_type=\"icon-list.default\">\n\t\t\t\t<div class=\"elementor-widget-container\">\n\t\t\t\t\t\t\t<ul class=\"elementor-icon-list-items\">\n\t\t\t\t\t\t\t<li class=\"elementor-icon-list-item\">\n\t\t\t\t\t\t\t\t\t\t\t<a href=\"https:\/\/www.worldcup-dobbiaco.it\/wp-content\/uploads\/parking-map-2025.pdf\" target=\"_blank\">\n\n\t\t\t\t\t\t\t\t\t\t\t\t<span class=\"elementor-icon-list-icon\">\n\t\t\t\t\t\t\t<i aria-hidden=\"true\" class=\"fas fa-arrow-down\"><\/i>\t\t\t\t\t\t<\/span>\n\t\t\t\t\t\t\t\t\t\t<span class=\"elementor-icon-list-text\">Planimetra Parcheggio<\/span>\n\t\t\t\t\t\t\t\t\t\t\t<\/a>\n\t\t\t\t\t\t\t\t\t<\/li>\n\t\t\t\t\t\t<\/ul>\n\t\t\t\t\t\t<\/div>\n\t\t\t\t<\/div>\n\t\t\t\t<div class=\"elementor-element elementor-element-71758d0a elementor-widget elementor-widget-google_maps\" data-id=\"71758d0a\" data-element_type=\"widget\" data-widget_type=\"google_maps.default\">\n\t\t\t\t<div class=\"elementor-widget-container\">\n\t\t\t\t\t\t\t<div class=\"elementor-custom-embed\">\n\t\t\t<iframe loading=\"lazy\"\n\t\t\t\t\tsrc=\"https:\/\/www.google.com\/maps\/embed\/v1\/place?key=AIzaSyBHZl8s-DGzaZGLsegTWB48NSlJyA7jxsQ&#038;q=nordic%20arena%20toblach&#038;zoom=13\"\n\t\t\t\t\ttitle=\"nordic arena toblach\"\n\t\t\t\t\taria-label=\"nordic arena toblach\"\n\t\t\t><\/iframe>\n\t\t<\/div>\n\t\t\t\t\t\t<\/div>\n\t\t\t\t<\/div>\n\t\t\t\t<div class=\"elementor-element elementor-element-739c20c elementor-widget elementor-widget-heading\" data-id=\"739c20c\" data-element_type=\"widget\" data-widget_type=\"heading.default\">\n\t\t\t\t<div class=\"elementor-widget-container\">\n\t\t\t\t\t<h3 class=\"elementor-heading-title elementor-size-default\">BrochUre 2025\/26<\/h3>\t\t\t\t<\/div>\n\t\t\t\t<\/div>\n\t\t\t\t<div class=\"elementor-element elementor-element-949f732 elementor-widget elementor-widget-html\" data-id=\"949f732\" data-element_type=\"widget\" data-widget_type=\"html.default\">\n\t\t\t\t<div class=\"elementor-widget-container\">\n\t\t\t\t\t<div style=\"position:relative;padding-top:max(60%,324px);width:100%;height:0;\"><iframe style=\"position:absolute;border:none;width:100%;height:100%;left:0;top:0;\" src=\"https:\/\/online.fliphtml5.com\/pfeka\/xnwa\/\"  seamless=\"seamless\" scrolling=\"no\" frameborder=\"0\" allowtransparency=\"true\" allowfullscreen=\"true\" ><\/iframe><\/div>\t\t\t\t<\/div>\n\t\t\t\t<\/div>\n\t\t\t\t<div class=\"elementor-element elementor-element-469b115 elementor-widget elementor-widget-heading\" data-id=\"469b115\" data-element_type=\"widget\" data-widget_type=\"heading.default\">\n\t\t\t\t<div class=\"elementor-widget-container\">\n\t\t\t\t\t<h3 class=\"elementor-heading-title elementor-size-default\">Piste aperte<\/h3>\t\t\t\t<\/div>\n\t\t\t\t<\/div>\n\t\t\t\t<div class=\"elementor-element elementor-element-dd1468a elementor-widget elementor-widget-text-editor\" data-id=\"dd1468a\" data-element_type=\"widget\" data-widget_type=\"text-editor.default\">\n\t\t\t\t<div class=\"elementor-widget-container\">\n\t\t\t\t\t\t\t\t\t<p>Durante l\u2019intera durata dell\u2019evento le <b>piste FIS e lo stadio (Nordic Arena) sono chiusi allo sci di fondo per il pubblico.<\/b><\/p><p class=\"p1\">Restano comunque <b>numerose piste alternative aperte<\/b> per ospiti e turisti, ad esempio in direzione Lago di Landro, San Candido, Villabassa e su altri tracciati nei dintorni<\/p><p><a href=\"https:\/\/www.worldcup-dobbiaco.it\/wp-content\/uploads\/geoeffnete-loipen-TDS25-26.pdf\" target=\"_blank\" rel=\"noopener\">Download panoramica piste<\/a><\/p>\t\t\t\t\t\t\t\t<\/div>\n\t\t\t\t<\/div>\n\t\t\t\t<\/div>\n\t\t\t\t\t<\/div>\n\t\t\t\t<\/div>\n\t\t\t\t<\/div>\n\t\t","protected":false},"excerpt":{"rendered":"<p>Info Programma gara Coop FIS Tour de Ski performance by Le Gruy\u00e8re AOP Sabato, 27.12.2025Allenamento ufficiale18:00 Cerimonia di apertura nel centro del paese di Dobbiaco: Team-Presentation &amp; Live-Music Domenica, 28.12.202511:45 Sprint F Qualification14:15 Sprint F Final Luned\u00ec, 29.12.202511:45 Men&#8217;s 10km Interval Start C14:45 Women&#8217;s 10km Interval Start C Marted\u00ec, 30.12.202510:00-12:00 Official Training Mercoled\u00ec, 31.12.2025NEW: 11:30 [&hellip;]<\/p>\n","protected":false},"author":1,"featured_media":0,"parent":0,"menu_order":0,"comment_status":"closed","ping_status":"closed","template":"elementor_header_footer","meta":{"_acf_changed":false,"footnotes":""},"class_list":["post-932","page","type-page","status-publish","hentry"],"acf":[],"yoast_head":"<!-- This site is optimized with the Yoast SEO plugin v27.4 - https:\/\/yoast.com\/product\/yoast-seo-wordpress\/ -->\n<title>Programma - Worldcup Tour de Ski Dobbiaco<\/title>\n<meta name=\"robots\" content=\"index, follow, max-snippet:-1, max-image-preview:large, max-video-preview:-1\" \/>\n<link rel=\"canonical\" href=\"https:\/\/www.worldcup-dobbiaco.it\/it\/programma\/\" \/>\n<meta property=\"og:locale\" content=\"it_IT\" \/>\n<meta property=\"og:type\" content=\"article\" \/>\n<meta property=\"og:title\" content=\"Programma - Worldcup Tour de Ski Dobbiaco\" \/>\n<meta property=\"og:description\" content=\"Info Programma gara Coop FIS Tour de Ski performance by Le Gruy\u00e8re AOP Sabato, 27.12.2025Allenamento ufficiale18:00 Cerimonia di apertura nel centro del paese di Dobbiaco: Team-Presentation &amp; Live-Music Domenica, 28.12.202511:45 Sprint F Qualification14:15 Sprint F Final Luned\u00ec, 29.12.202511:45 Men&#8217;s 10km Interval Start C14:45 Women&#8217;s 10km Interval Start C Marted\u00ec, 30.12.202510:00-12:00 Official Training Mercoled\u00ec, 31.12.2025NEW: 11:30 [&hellip;]\" \/>\n<meta property=\"og:url\" content=\"https:\/\/www.worldcup-dobbiaco.it\/it\/programma\/\" \/>\n<meta property=\"og:site_name\" content=\"Worldcup Tour de Ski Dobbiaco\" \/>\n<meta property=\"article:publisher\" content=\"http:\/\/www.facebook.com\/worldcuptoblachdobbiaco\" \/>\n<meta property=\"article:modified_time\" content=\"2025-12-28T17:51:25+00:00\" \/>\n<meta property=\"og:image\" content=\"https:\/\/www.worldcup-dobbiaco.it\/wp-content\/uploads\/opening-TDS-toblach-dobbiaco.jpg\" \/>\n\t<meta property=\"og:image:width\" content=\"800\" \/>\n\t<meta property=\"og:image:height\" content=\"500\" \/>\n\t<meta property=\"og:image:type\" content=\"image\/jpeg\" \/>\n<meta name=\"twitter:card\" content=\"summary_large_image\" \/>\n<meta name=\"twitter:label1\" content=\"Tempo di lettura stimato\" \/>\n\t<meta name=\"twitter:data1\" content=\"2 minuti\" \/>\n<script type=\"application\/ld+json\" class=\"yoast-schema-graph\">{\"@context\":\"https:\\\/\\\/schema.org\",\"@graph\":[{\"@type\":\"WebPage\",\"@id\":\"https:\\\/\\\/www.worldcup-dobbiaco.it\\\/it\\\/programma\\\/\",\"url\":\"https:\\\/\\\/www.worldcup-dobbiaco.it\\\/it\\\/programma\\\/\",\"name\":\"Programma - Worldcup Tour de Ski Dobbiaco\",\"isPartOf\":{\"@id\":\"https:\\\/\\\/www.worldcup-dobbiaco.it\\\/#website\"},\"primaryImageOfPage\":{\"@id\":\"https:\\\/\\\/www.worldcup-dobbiaco.it\\\/it\\\/programma\\\/#primaryimage\"},\"image\":{\"@id\":\"https:\\\/\\\/www.worldcup-dobbiaco.it\\\/it\\\/programma\\\/#primaryimage\"},\"thumbnailUrl\":\"https:\\\/\\\/www.worldcup-dobbiaco.it\\\/wp-content\\\/uploads\\\/opening-TDS-toblach-dobbiaco.jpg\",\"datePublished\":\"2023-08-14T13:45:50+00:00\",\"dateModified\":\"2025-12-28T17:51:25+00:00\",\"breadcrumb\":{\"@id\":\"https:\\\/\\\/www.worldcup-dobbiaco.it\\\/it\\\/programma\\\/#breadcrumb\"},\"inLanguage\":\"it-IT\",\"potentialAction\":[{\"@type\":\"ReadAction\",\"target\":[\"https:\\\/\\\/www.worldcup-dobbiaco.it\\\/it\\\/programma\\\/\"]}]},{\"@type\":\"ImageObject\",\"inLanguage\":\"it-IT\",\"@id\":\"https:\\\/\\\/www.worldcup-dobbiaco.it\\\/it\\\/programma\\\/#primaryimage\",\"url\":\"https:\\\/\\\/www.worldcup-dobbiaco.it\\\/wp-content\\\/uploads\\\/opening-TDS-toblach-dobbiaco.jpg\",\"contentUrl\":\"https:\\\/\\\/www.worldcup-dobbiaco.it\\\/wp-content\\\/uploads\\\/opening-TDS-toblach-dobbiaco.jpg\"},{\"@type\":\"BreadcrumbList\",\"@id\":\"https:\\\/\\\/www.worldcup-dobbiaco.it\\\/it\\\/programma\\\/#breadcrumb\",\"itemListElement\":[{\"@type\":\"ListItem\",\"position\":1,\"name\":\"Startseite\",\"item\":\"https:\\\/\\\/www.worldcup-dobbiaco.it\\\/it\\\/\"},{\"@type\":\"ListItem\",\"position\":2,\"name\":\"Programma\"}]},{\"@type\":\"WebSite\",\"@id\":\"https:\\\/\\\/www.worldcup-dobbiaco.it\\\/#website\",\"url\":\"https:\\\/\\\/www.worldcup-dobbiaco.it\\\/\",\"name\":\"Worldcup Tour de Ski Dobbiaco\",\"description\":\"\",\"publisher\":{\"@id\":\"https:\\\/\\\/www.worldcup-dobbiaco.it\\\/#organization\"},\"potentialAction\":[{\"@type\":\"SearchAction\",\"target\":{\"@type\":\"EntryPoint\",\"urlTemplate\":\"https:\\\/\\\/www.worldcup-dobbiaco.it\\\/?s={search_term_string}\"},\"query-input\":{\"@type\":\"PropertyValueSpecification\",\"valueRequired\":true,\"valueName\":\"search_term_string\"}}],\"inLanguage\":\"it-IT\"},{\"@type\":\"Organization\",\"@id\":\"https:\\\/\\\/www.worldcup-dobbiaco.it\\\/#organization\",\"name\":\"Sport OK Toblach Dobbiaco\",\"url\":\"https:\\\/\\\/www.worldcup-dobbiaco.it\\\/\",\"logo\":{\"@type\":\"ImageObject\",\"inLanguage\":\"it-IT\",\"@id\":\"https:\\\/\\\/www.worldcup-dobbiaco.it\\\/#\\\/schema\\\/logo\\\/image\\\/\",\"url\":\"https:\\\/\\\/www.worldcup-dobbiaco.it\\\/wp-content\\\/uploads\\\/logo.sport-ok-1.svg\",\"contentUrl\":\"https:\\\/\\\/www.worldcup-dobbiaco.it\\\/wp-content\\\/uploads\\\/logo.sport-ok-1.svg\",\"width\":1,\"height\":1,\"caption\":\"Sport OK Toblach Dobbiaco\"},\"image\":{\"@id\":\"https:\\\/\\\/www.worldcup-dobbiaco.it\\\/#\\\/schema\\\/logo\\\/image\\\/\"},\"sameAs\":[\"http:\\\/\\\/www.facebook.com\\\/worldcuptoblachdobbiaco\",\"https:\\\/\\\/www.youtube.com\\\/user\\\/sportoktoblach\\\/\",\"https:\\\/\\\/www.instagram.com\\\/worldcupdobbiaco\\\/\",\"https:\\\/\\\/www.flickr.com\\\/photos\\\/144400948@N03\\\/albums\\\/\"]}]}<\/script>\n<!-- \/ Yoast SEO plugin. -->","yoast_head_json":{"title":"Programma - Worldcup Tour de Ski Dobbiaco","robots":{"index":"index","follow":"follow","max-snippet":"max-snippet:-1","max-image-preview":"max-image-preview:large","max-video-preview":"max-video-preview:-1"},"canonical":"https:\/\/www.worldcup-dobbiaco.it\/it\/programma\/","og_locale":"it_IT","og_type":"article","og_title":"Programma - Worldcup Tour de Ski Dobbiaco","og_description":"Info Programma gara Coop FIS Tour de Ski performance by Le Gruy\u00e8re AOP Sabato, 27.12.2025Allenamento ufficiale18:00 Cerimonia di apertura nel centro del paese di Dobbiaco: Team-Presentation &amp; Live-Music Domenica, 28.12.202511:45 Sprint F Qualification14:15 Sprint F Final Luned\u00ec, 29.12.202511:45 Men&#8217;s 10km Interval Start C14:45 Women&#8217;s 10km Interval Start C Marted\u00ec, 30.12.202510:00-12:00 Official Training Mercoled\u00ec, 31.12.2025NEW: 11:30 [&hellip;]","og_url":"https:\/\/www.worldcup-dobbiaco.it\/it\/programma\/","og_site_name":"Worldcup Tour de Ski Dobbiaco","article_publisher":"http:\/\/www.facebook.com\/worldcuptoblachdobbiaco","article_modified_time":"2025-12-28T17:51:25+00:00","og_image":[{"width":800,"height":500,"url":"https:\/\/www.worldcup-dobbiaco.it\/wp-content\/uploads\/opening-TDS-toblach-dobbiaco.jpg","type":"image\/jpeg"}],"twitter_card":"summary_large_image","twitter_misc":{"Tempo di lettura stimato":"2 minuti"},"schema":{"@context":"https:\/\/schema.org","@graph":[{"@type":"WebPage","@id":"https:\/\/www.worldcup-dobbiaco.it\/it\/programma\/","url":"https:\/\/www.worldcup-dobbiaco.it\/it\/programma\/","name":"Programma - Worldcup Tour de Ski Dobbiaco","isPartOf":{"@id":"https:\/\/www.worldcup-dobbiaco.it\/#website"},"primaryImageOfPage":{"@id":"https:\/\/www.worldcup-dobbiaco.it\/it\/programma\/#primaryimage"},"image":{"@id":"https:\/\/www.worldcup-dobbiaco.it\/it\/programma\/#primaryimage"},"thumbnailUrl":"https:\/\/www.worldcup-dobbiaco.it\/wp-content\/uploads\/opening-TDS-toblach-dobbiaco.jpg","datePublished":"2023-08-14T13:45:50+00:00","dateModified":"2025-12-28T17:51:25+00:00","breadcrumb":{"@id":"https:\/\/www.worldcup-dobbiaco.it\/it\/programma\/#breadcrumb"},"inLanguage":"it-IT","potentialAction":[{"@type":"ReadAction","target":["https:\/\/www.worldcup-dobbiaco.it\/it\/programma\/"]}]},{"@type":"ImageObject","inLanguage":"it-IT","@id":"https:\/\/www.worldcup-dobbiaco.it\/it\/programma\/#primaryimage","url":"https:\/\/www.worldcup-dobbiaco.it\/wp-content\/uploads\/opening-TDS-toblach-dobbiaco.jpg","contentUrl":"https:\/\/www.worldcup-dobbiaco.it\/wp-content\/uploads\/opening-TDS-toblach-dobbiaco.jpg"},{"@type":"BreadcrumbList","@id":"https:\/\/www.worldcup-dobbiaco.it\/it\/programma\/#breadcrumb","itemListElement":[{"@type":"ListItem","position":1,"name":"Startseite","item":"https:\/\/www.worldcup-dobbiaco.it\/it\/"},{"@type":"ListItem","position":2,"name":"Programma"}]},{"@type":"WebSite","@id":"https:\/\/www.worldcup-dobbiaco.it\/#website","url":"https:\/\/www.worldcup-dobbiaco.it\/","name":"Worldcup Tour de Ski Dobbiaco","description":"","publisher":{"@id":"https:\/\/www.worldcup-dobbiaco.it\/#organization"},"potentialAction":[{"@type":"SearchAction","target":{"@type":"EntryPoint","urlTemplate":"https:\/\/www.worldcup-dobbiaco.it\/?s={search_term_string}"},"query-input":{"@type":"PropertyValueSpecification","valueRequired":true,"valueName":"search_term_string"}}],"inLanguage":"it-IT"},{"@type":"Organization","@id":"https:\/\/www.worldcup-dobbiaco.it\/#organization","name":"Sport OK Toblach Dobbiaco","url":"https:\/\/www.worldcup-dobbiaco.it\/","logo":{"@type":"ImageObject","inLanguage":"it-IT","@id":"https:\/\/www.worldcup-dobbiaco.it\/#\/schema\/logo\/image\/","url":"https:\/\/www.worldcup-dobbiaco.it\/wp-content\/uploads\/logo.sport-ok-1.svg","contentUrl":"https:\/\/www.worldcup-dobbiaco.it\/wp-content\/uploads\/logo.sport-ok-1.svg","width":1,"height":1,"caption":"Sport OK Toblach Dobbiaco"},"image":{"@id":"https:\/\/www.worldcup-dobbiaco.it\/#\/schema\/logo\/image\/"},"sameAs":["http:\/\/www.facebook.com\/worldcuptoblachdobbiaco","https:\/\/www.youtube.com\/user\/sportoktoblach\/","https:\/\/www.instagram.com\/worldcupdobbiaco\/","https:\/\/www.flickr.com\/photos\/144400948@N03\/albums\/"]}]}},"_links":{"self":[{"href":"https:\/\/www.worldcup-dobbiaco.it\/it\/wp-json\/wp\/v2\/pages\/932","targetHints":{"allow":["GET"]}}],"collection":[{"href":"https:\/\/www.worldcup-dobbiaco.it\/it\/wp-json\/wp\/v2\/pages"}],"about":[{"href":"https:\/\/www.worldcup-dobbiaco.it\/it\/wp-json\/wp\/v2\/types\/page"}],"author":[{"embeddable":true,"href":"https:\/\/www.worldcup-dobbiaco.it\/it\/wp-json\/wp\/v2\/users\/1"}],"replies":[{"embeddable":true,"href":"https:\/\/www.worldcup-dobbiaco.it\/it\/wp-json\/wp\/v2\/comments?post=932"}],"version-history":[{"count":5,"href":"https:\/\/www.worldcup-dobbiaco.it\/it\/wp-json\/wp\/v2\/pages\/932\/revisions"}],"predecessor-version":[{"id":5416,"href":"https:\/\/www.worldcup-dobbiaco.it\/it\/wp-json\/wp\/v2\/pages\/932\/revisions\/5416"}],"wp:attachment":[{"href":"https:\/\/www.worldcup-dobbiaco.it\/it\/wp-json\/wp\/v2\/media?parent=932"}],"curies":[{"name":"wp","href":"https:\/\/api.w.org\/{rel}","templated":true}]}}